{"id":24,"date":"2025-07-13T00:52:14","date_gmt":"2025-07-13T00:52:14","guid":{"rendered":"https:\/\/colegiojpm.com\/?page_id=24"},"modified":"2025-07-20T13:23:35","modified_gmt":"2025-07-20T13:23:35","slug":"inscripciones","status":"publish","type":"page","link":"https:\/\/colegiojpm.com\/index.php\/inscripciones\/","title":{"rendered":"Inscripciones"},"content":{"rendered":"\t\t<div data-elementor-type=\"wp-page\" data-elementor-id=\"24\" class=\"elementor elementor-24\">\n\t\t\t\t<div class=\"elementor-element elementor-element-ac914e1 e-flex e-con-boxed e-con e-parent\" data-id=\"ac914e1\" data-element_type=\"container\">\n\t\t\t\t\t<div class=\"e-con-inner\">\n\t\t\t\t<div class=\"elementor-element elementor-element-00bcefd elementor-widget elementor-widget-html\" data-id=\"00bcefd\" data-element_type=\"widget\" data-widget_type=\"html.default\">\n\t\t\t\t\t<h2 style=\"text-align:center; margin-top:20px;\">Proceso de Inscripci\u00f3n<\/h2>\r\n\r\n<p style=\"text-align:center; max-width:700px; margin:auto;\">\r\n\u00a1Te damos la bienvenida al Colegio Julia Piza Miranda! Estamos emocionados de que formes parte de nuestra comunidad educativa. A continuaci\u00f3n te compartimos los requisitos y pasos para realizar tu inscripci\u00f3n.\r\n<\/p>\r\n\r\n<hr style=\"margin:40px 0;\">\r\n\r\n<h3 style=\"text-align:center; margin-bottom:20px;\">Requisitos Generales<\/h3>\r\n\r\n<div style=\"display:flex; flex-wrap:wrap; justify-content:center; gap:20px;\">\r\n\r\n<div style=\"flex:1; min-width:280px; max-width:400px; background:#f4f4f4; padding:20px; border-radius:8px; text-align:center;\">\r\n<img decoding=\"async\" src=\"https:\/\/cdn-icons-png.flaticon.com\/512\/3585\/3585073.png\" alt=\"Documentos\" style=\"width:50px; margin-bottom:10px;\">\r\n<h4>Documentaci\u00f3n<\/h4>\r\n<ul style=\"list-style:none; padding:0; text-align:left; max-width:300px; margin:auto;\">\r\n<li>\u2705 Acta de nacimiento (copia)<\/li>\r\n<li>\u2705 CURP del alumno<\/li>\r\n<li>\u2705 4 fotograf\u00edas tama\u00f1o infantil<\/li>\r\n<li>\u2705 Certificado del grado anterior<\/li>\r\n<li>\u2705 Comprobante de domicilio<\/li>\r\n<li>\u2705 Identificaci\u00f3n del tutor<\/li>\r\n<\/ul>\r\n<\/div>\r\n\r\n<div style=\"flex:1; min-width:280px; max-width:400px; background:#f4f4f4; padding:20px; border-radius:8px; text-align:center;\">\r\n<img decoding=\"async\" src=\"https:\/\/cdn-icons-png.flaticon.com\/512\/1828\/1828859.png\" alt=\"Requisitos\" style=\"width:50px; margin-bottom:10px;\">\r\n<h4>Requisitos Adicionales<\/h4>\r\n<ul style=\"list-style:none; padding:0; text-align:left; max-width:300px; margin:auto;\">\r\n<li>\u2705 Llenar ficha de inscripci\u00f3n<\/li>\r\n<li>\u2705 Cubrir cuota de inscripci\u00f3n correspondiente<\/li>\r\n<\/ul>\r\n<\/div>\r\n\r\n<\/div>\r\n\r\n<hr style=\"margin:40px 0;\">\r\n\r\n<h3 style=\"text-align:center; margin-bottom:20px;\">Pasos para Inscribirte<\/h3>\r\n\r\n<ol style=\"max-width:700px; margin:auto; text-align:left;\">\r\n<li>\u2705 Acude al colegio con la documentaci\u00f3n requerida.<\/li>\r\n<li>\u2705 Solicita tu ficha de inscripci\u00f3n y llena los datos correspondientes.<\/li>\r\n<li>\u2705 Realiza el pago de la cuota de inscripci\u00f3n.<\/li>\r\n<li>\u2705 Recibe tu confirmaci\u00f3n de inscripci\u00f3n y fecha de inicio de clases.<\/li>\r\n<li>\u2705 \u00a1Bienvenido a nuestra comunidad educativa!<\/li>\r\n<\/ol>\r\n\r\n<hr style=\"margin:40px 0;\">\r\n\r\n<p style=\"text-align:center;\">\r\nSi tienes dudas sobre el proceso de inscripci\u00f3n, no dudes en <a href=\"https:\/\/colegiojpm.com\/index.php\/contacto\/\">contactarnos<\/a>. Estamos para apoyarte en todo momento.\r\n<\/p>\r\n\t\t\t\t<\/div>\n\t\t\t\t\t<\/div>\n\t\t\t\t<\/div>\n\t\t\t\t<\/div>\n\t\t","protected":false},"excerpt":{"rendered":"<p>Proceso de Inscripci\u00f3n \u00a1Te damos la bienvenida al Colegio Julia Piza Miranda! Estamos emocionados de que formes parte de nuestra comunidad educativa. A continuaci\u00f3n te compartimos los requisitos y pasos para realizar tu inscripci\u00f3n. Requisitos Generales Documentaci\u00f3n \u2705 Acta de nacimiento (copia) \u2705 CURP del alumno \u2705 4 fotograf\u00edas tama\u00f1o infantil \u2705 Certificado del grado&hellip;&nbsp;<a href=\"https:\/\/colegiojpm.com\/index.php\/inscripciones\/\" rel=\"bookmark\"><span class=\"screen-reader-text\">Inscripciones<\/span><\/a><\/p>\n","protected":false},"author":1,"featured_media":0,"parent":0,"menu_order":0,"comment_status":"closed","ping_status":"closed","template":"","meta":{"neve_meta_sidebar":"","neve_meta_container":"","neve_meta_enable_content_width":"","neve_meta_content_width":0,"neve_meta_title_alignment":"","neve_meta_author_avatar":"","neve_post_elements_order":"","neve_meta_disable_header":"","neve_meta_disable_footer":"","neve_meta_disable_title":"","footnotes":""},"class_list":["post-24","page","type-page","status-publish","hentry"],"_links":{"self":[{"href":"https:\/\/colegiojpm.com\/index.php\/wp-json\/wp\/v2\/pages\/24","targetHints":{"allow":["GET"]}}],"collection":[{"href":"https:\/\/colegiojpm.com\/index.php\/wp-json\/wp\/v2\/pages"}],"about":[{"href":"https:\/\/colegiojpm.com\/index.php\/wp-json\/wp\/v2\/types\/page"}],"author":[{"embeddable":true,"href":"https:\/\/colegiojpm.com\/index.php\/wp-json\/wp\/v2\/users\/1"}],"replies":[{"embeddable":true,"href":"https:\/\/colegiojpm.com\/index.php\/wp-json\/wp\/v2\/comments?post=24"}],"version-history":[{"count":15,"href":"https:\/\/colegiojpm.com\/index.php\/wp-json\/wp\/v2\/pages\/24\/revisions"}],"predecessor-version":[{"id":123,"href":"https:\/\/colegiojpm.com\/index.php\/wp-json\/wp\/v2\/pages\/24\/revisions\/123"}],"wp:attachment":[{"href":"https:\/\/colegiojpm.com\/index.php\/wp-json\/wp\/v2\/media?parent=24"}],"curies":[{"name":"wp","href":"https:\/\/api.w.org\/{rel}","templated":true}]}}