{"id":26,"date":"2025-07-13T00:52:40","date_gmt":"2025-07-13T00:52:40","guid":{"rendered":"https:\/\/colegiojpm.com\/?page_id=26"},"modified":"2025-07-13T00:52:40","modified_gmt":"2025-07-13T00:52:40","slug":"noticias","status":"publish","type":"page","link":"https:\/\/colegiojpm.com\/index.php\/noticias\/","title":{"rendered":"Noticias"},"content":{"rendered":"\n<p>Mantente informado de nuestras actividades, circulares y eventos.<\/p>\n\n\n\n<p>Pr\u00f3ximamente publicaremos nuestras \u00faltimas noticias aqu\u00ed.<\/p>\n","protected":false},"excerpt":{"rendered":"<p>Mantente informado de nuestras actividades, circulares y eventos. Pr\u00f3ximamente publicaremos nuestras \u00faltimas noticias aqu\u00ed.<\/p>\n","protected":false},"author":1,"featured_media":0,"parent":0,"menu_order":0,"comment_status":"closed","ping_status":"closed","template":"","meta":{"neve_meta_sidebar":"","neve_meta_container":"","neve_meta_enable_content_width":"","neve_meta_content_width":0,"neve_meta_title_alignment":"","neve_meta_author_avatar":"","neve_post_elements_order":"","neve_meta_disable_header":"","neve_meta_disable_footer":"","neve_meta_disable_title":"","footnotes":""},"class_list":["post-26","page","type-page","status-publish","hentry"],"_links":{"self":[{"href":"https:\/\/colegiojpm.com\/index.php\/wp-json\/wp\/v2\/pages\/26","targetHints":{"allow":["GET"]}}],"collection":[{"href":"https:\/\/colegiojpm.com\/index.php\/wp-json\/wp\/v2\/pages"}],"about":[{"href":"https:\/\/colegiojpm.com\/index.php\/wp-json\/wp\/v2\/types\/page"}],"author":[{"embeddable":true,"href":"https:\/\/colegiojpm.com\/index.php\/wp-json\/wp\/v2\/users\/1"}],"replies":[{"embeddable":true,"href":"https:\/\/colegiojpm.com\/index.php\/wp-json\/wp\/v2\/comments?post=26"}],"version-history":[{"count":1,"href":"https:\/\/colegiojpm.com\/index.php\/wp-json\/wp\/v2\/pages\/26\/revisions"}],"predecessor-version":[{"id":27,"href":"https:\/\/colegiojpm.com\/index.php\/wp-json\/wp\/v2\/pages\/26\/revisions\/27"}],"wp:attachment":[{"href":"https:\/\/colegiojpm.com\/index.php\/wp-json\/wp\/v2\/media?parent=26"}],"curies":[{"name":"wp","href":"https:\/\/api.w.org\/{rel}","templated":true}]}}