{"id":36,"date":"2025-07-13T01:06:25","date_gmt":"2025-07-13T01:06:25","guid":{"rendered":"https:\/\/colegiojpm.com\/?page_id=36"},"modified":"2025-07-13T02:31:26","modified_gmt":"2025-07-13T02:31:26","slug":"contacto","status":"publish","type":"page","link":"https:\/\/colegiojpm.com\/index.php\/contacto\/","title":{"rendered":"Contacto"},"content":{"rendered":"\t\t<div data-elementor-type=\"wp-page\" data-elementor-id=\"36\" class=\"elementor elementor-36\">\n\t\t\t\t<div class=\"elementor-element elementor-element-6532ff21 e-flex e-con-boxed e-con e-parent\" data-id=\"6532ff21\" data-element_type=\"container\">\n\t\t\t\t\t<div class=\"e-con-inner\">\n\t\t\t\t<div class=\"elementor-element elementor-element-11350c05 elementor-widget elementor-widget-text-editor\" data-id=\"11350c05\" data-element_type=\"widget\" data-widget_type=\"text-editor.default\">\n\t\t\t\t\t\t\t\t\t\n<div class=\"wp-block-group is-nowrap is-layout-flex wp-container-core-group-is-layout-ad2f72ca wp-block-group-is-layout-flex\"><\/div>\n\n\n\n\n\n\n\n<p><\/p>\n\n\n\n\n\n\n\n\n\n\n\n<div class=\"wp-block-columns is-layout-flex wp-container-core-columns-is-layout-9d6595d7 wp-block-columns-is-layout-flex\" id=\"[wpforms-id=&quot;48&quot;-title=&quot;false&quot;]\">\n<div class=\"wp-block-column is-layout-flow wp-block-column-is-layout-flow\" style=\"flex-basis:100%\"><\/div>\n<\/div>\n\n\n\n\n\n\n\n<p class=\"has-nv-dark-bg-color has-text-color has-link-color wp-elements-8e47168c13057f0da34d2e2f73bad914\"><\/p>\n\n\n\t\t\t\t\t\t\t\t<\/div>\n\t\t\t\t\t<\/div>\n\t\t\t\t<\/div>\n\t\t<div class=\"elementor-element elementor-element-8af700b e-flex e-con-boxed e-con e-parent\" data-id=\"8af700b\" data-element_type=\"container\">\n\t\t\t\t\t<div class=\"e-con-inner\">\n\t\t\t\t<div class=\"elementor-element elementor-element-8da370f elementor-widget elementor-widget-html\" data-id=\"8da370f\" data-element_type=\"widget\" data-widget_type=\"html.default\">\n\t\t\t\t\t<h2 style=\"text-align:center; margin-top:20px;\">Estamos para ayudarte<\/h2>\r\n\r\n<p style=\"text-align:center; max-width:700px; margin:auto;\">\r\nSi deseas m\u00e1s informaci\u00f3n sobre inscripciones, horarios, costos o cualquier otra consulta, no dudes en comunicarte con nosotros. Estamos para orientarte y resolver todas tus dudas.\r\n<\/p>\r\n\r\n<hr style=\"margin:40px 0;\">\r\n\r\n<h3 style=\"text-align:center; margin-bottom:20px;\">Datos de Contacto<\/h3>\r\n\r\n<div style=\"text-align:center;\">\r\n<p>\ud83d\udccd <strong>Direcci\u00f3n:<\/strong> Calle Educaci\u00f3n P\u00fablica No. 16, Colonia FETSE, Barrio 1, Manzanillo, Colima.<\/p>\r\n<p>\ud83d\udce7 <strong>Correo electr\u00f3nico:<\/strong> contacto@colegiojpm.com<\/p>\r\n<p>\ud83d\udcac <strong>WhatsApp:<\/strong><\/p>\r\n<p>\r\n<a href=\"https:\/\/wa.me\/5213141627304\" target=\"_blank\">Enviar mensaje al 314 162 7304<\/a><br>\r\n<a href=\"https:\/\/wa.me\/5213141474701\" target=\"_blank\">Enviar mensaje al 314 147 4701<\/a>\r\n<\/p>\r\n<\/div>\r\n\r\n<hr style=\"margin:40px 0;\">\r\n\r\n<p style=\"text-align:center;\">\r\nTe responderemos con gusto en el menor tiempo posible. \u00a1Gracias por tu inter\u00e9s en formar parte de nuestra comunidad educativa!\r\n<\/p>\r\n\t\t\t\t<\/div>\n\t\t\t\t\t<\/div>\n\t\t\t\t<\/div>\n\t\t\t\t<\/div>\n\t\t","protected":false},"excerpt":{"rendered":"<p>Estamos para ayudarte Si deseas m\u00e1s informaci\u00f3n sobre inscripciones, horarios, costos o cualquier otra consulta, no dudes en comunicarte con nosotros. Estamos para orientarte y resolver todas tus dudas. Datos de Contacto \ud83d\udccd Direcci\u00f3n: Calle Educaci\u00f3n P\u00fablica No. 16, Colonia FETSE, Barrio 1, Manzanillo, Colima. \ud83d\udce7 Correo electr\u00f3nico: contacto@colegiojpm.com \ud83d\udcac WhatsApp: Enviar mensaje al 314&hellip;&nbsp;<a href=\"https:\/\/colegiojpm.com\/index.php\/contacto\/\" rel=\"bookmark\"><span class=\"screen-reader-text\">Contacto<\/span><\/a><\/p>\n","protected":false},"author":1,"featured_media":0,"parent":0,"menu_order":0,"comment_status":"closed","ping_status":"closed","template":"","meta":{"neve_meta_sidebar":"","neve_meta_container":"","neve_meta_enable_content_width":"","neve_meta_content_width":0,"neve_meta_title_alignment":"","neve_meta_author_avatar":"","neve_post_elements_order":"","neve_meta_disable_header":"","neve_meta_disable_footer":"","neve_meta_disable_title":"","footnotes":""},"class_list":["post-36","page","type-page","status-publish","hentry"],"_links":{"self":[{"href":"https:\/\/colegiojpm.com\/index.php\/wp-json\/wp\/v2\/pages\/36","targetHints":{"allow":["GET"]}}],"collection":[{"href":"https:\/\/colegiojpm.com\/index.php\/wp-json\/wp\/v2\/pages"}],"about":[{"href":"https:\/\/colegiojpm.com\/index.php\/wp-json\/wp\/v2\/types\/page"}],"author":[{"embeddable":true,"href":"https:\/\/colegiojpm.com\/index.php\/wp-json\/wp\/v2\/users\/1"}],"replies":[{"embeddable":true,"href":"https:\/\/colegiojpm.com\/index.php\/wp-json\/wp\/v2\/comments?post=36"}],"version-history":[{"count":12,"href":"https:\/\/colegiojpm.com\/index.php\/wp-json\/wp\/v2\/pages\/36\/revisions"}],"predecessor-version":[{"id":101,"href":"https:\/\/colegiojpm.com\/index.php\/wp-json\/wp\/v2\/pages\/36\/revisions\/101"}],"wp:attachment":[{"href":"https:\/\/colegiojpm.com\/index.php\/wp-json\/wp\/v2\/media?parent=36"}],"curies":[{"name":"wp","href":"https:\/\/api.w.org\/{rel}","templated":true}]}}